{"id":29,"date":"2025-09-10T09:52:28","date_gmt":"2025-09-10T13:52:28","guid":{"rendered":"https:\/\/petrogassupply.com\/FLV\/?page_id=29"},"modified":"2025-09-17T21:55:30","modified_gmt":"2025-09-18T01:55:30","slug":"flv","status":"publish","type":"page","link":"https:\/\/petrogassupply.com\/FLV\/","title":{"rendered":"FLV"},"content":{"rendered":"\t\t<div data-elementor-type=\"wp-page\" data-elementor-id=\"29\" class=\"elementor elementor-29\">\n\t\t\t\t<div class=\"elementor-element elementor-element-25a35f7 e-con-full e-flex wpr-particle-no wpr-jarallax-no wpr-parallax-no wpr-sticky-section-no wpr-equal-height-no e-con e-parent\" data-id=\"25a35f7\" data-element_type=\"container\" data-e-type=\"container\" data-settings=\"{&quot;background_background&quot;:&quot;slideshow&quot;,&quot;background_slideshow_gallery&quot;:[{&quot;id&quot;:23,&quot;url&quot;:&quot;https:\\\/\\\/petrogassupply.com\\\/FLV\\\/wp-content\\\/uploads\\\/2025\\\/09\\\/Generated-Image-September-06-2025-8_51AM.jpeg&quot;},{&quot;id&quot;:42,&quot;url&quot;:&quot;https:\\\/\\\/petrogassupply.com\\\/FLV\\\/wp-content\\\/uploads\\\/2025\\\/09\\\/Generated-Image-September-10-2025-10_12AM.png&quot;},{&quot;id&quot;:40,&quot;url&quot;:&quot;https:\\\/\\\/petrogassupply.com\\\/FLV\\\/wp-content\\\/uploads\\\/2025\\\/09\\\/Generated-Image-September-07-2025-11_20AM_.jpg&quot;},{&quot;id&quot;:22,&quot;url&quot;:&quot;https:\\\/\\\/petrogassupply.com\\\/FLV\\\/wp-content\\\/uploads\\\/2025\\\/09\\\/Generated-Image-September-08-2025-8_16AM.png&quot;},{&quot;id&quot;:41,&quot;url&quot;:&quot;https:\\\/\\\/petrogassupply.com\\\/FLV\\\/wp-content\\\/uploads\\\/2025\\\/09\\\/Generated-Image-September-06-2025-9_52AM.jpeg&quot;}],&quot;background_slideshow_lazyload&quot;:&quot;yes&quot;,&quot;background_slideshow_ken_burns&quot;:&quot;yes&quot;,&quot;background_slideshow_loop&quot;:&quot;yes&quot;,&quot;background_slideshow_slide_duration&quot;:5000,&quot;background_slideshow_slide_transition&quot;:&quot;fade&quot;,&quot;background_slideshow_transition_duration&quot;:500,&quot;background_slideshow_ken_burns_zoom_direction&quot;:&quot;in&quot;}\">\n\t\t\t\t<div class=\"elementor-element elementor-element-cf180c3 elementor-widget elementor-widget-image\" data-id=\"cf180c3\" data-element_type=\"widget\" data-e-type=\"widget\" data-widget_type=\"image.default\">\n\t\t\t\t\t\t\t\t\t\t\t\t\t\t\t<img decoding=\"async\" width=\"300\" height=\"91\" src=\"https:\/\/petrogassupply.com\/FLV\/wp-content\/uploads\/2025\/09\/flv_color-300x91.png\" class=\"attachment-medium size-medium wp-image-26\" alt=\"\" srcset=\"https:\/\/petrogassupply.com\/FLV\/wp-content\/uploads\/2025\/09\/flv_color-300x91.png 300w, https:\/\/petrogassupply.com\/FLV\/wp-content\/uploads\/2025\/09\/flv_color-1024x310.png 1024w, https:\/\/petrogassupply.com\/FLV\/wp-content\/uploads\/2025\/09\/flv_color-768x232.png 768w, https:\/\/petrogassupply.com\/FLV\/wp-content\/uploads\/2025\/09\/flv_color-1536x464.png 1536w, https:\/\/petrogassupply.com\/FLV\/wp-content\/uploads\/2025\/09\/flv_color-2048x619.png 2048w\" sizes=\"(max-width: 300px) 100vw, 300px\" \/>\t\t\t\t\t\t\t\t\t\t\t\t\t\t\t<\/div>\n\t\t\t\t<\/div>\n\t\t<div class=\"elementor-element elementor-element-5d41ccd e-flex e-con-boxed wpr-particle-no wpr-jarallax-no wpr-parallax-no wpr-sticky-section-no wpr-equal-height-no e-con e-parent\" data-id=\"5d41ccd\" data-element_type=\"container\" data-e-type=\"container\" data-settings=\"{&quot;background_background&quot;:&quot;classic&quot;}\">\n\t\t\t\t\t<div class=\"e-con-inner\">\n\t\t\t\t<div class=\"elementor-element elementor-element-7adf2d7 elementor-widget elementor-widget-image\" data-id=\"7adf2d7\" data-element_type=\"widget\" data-e-type=\"widget\" data-widget_type=\"image.default\">\n\t\t\t\t\t\t\t\t\t\t\t\t\t\t\t<img fetchpriority=\"high\" decoding=\"async\" width=\"768\" height=\"251\" src=\"https:\/\/petrogassupply.com\/FLV\/wp-content\/uploads\/2025\/09\/flv_logo_blanco-768x251.png\" class=\"attachment-medium_large size-medium_large wp-image-81\" alt=\"\" srcset=\"https:\/\/petrogassupply.com\/FLV\/wp-content\/uploads\/2025\/09\/flv_logo_blanco-768x251.png 768w, https:\/\/petrogassupply.com\/FLV\/wp-content\/uploads\/2025\/09\/flv_logo_blanco-300x98.png 300w, https:\/\/petrogassupply.com\/FLV\/wp-content\/uploads\/2025\/09\/flv_logo_blanco-1024x335.png 1024w, https:\/\/petrogassupply.com\/FLV\/wp-content\/uploads\/2025\/09\/flv_logo_blanco-1536x503.png 1536w, https:\/\/petrogassupply.com\/FLV\/wp-content\/uploads\/2025\/09\/flv_logo_blanco.png 1583w\" sizes=\"(max-width: 768px) 100vw, 768px\" \/>\t\t\t\t\t\t\t\t\t\t\t\t\t\t\t<\/div>\n\t\t\t\t<div class=\"elementor-element elementor-element-2e79c63 elementor-widget elementor-widget-heading\" data-id=\"2e79c63\" data-element_type=\"widget\" data-e-type=\"widget\" data-widget_type=\"heading.default\">\n\t\t\t\t\t<h1 class=\"elementor-heading-title elementor-size-default\">FLOUR VALVE<\/h1>\t\t\t\t<\/div>\n\t\t\t\t<div class=\"elementor-element elementor-element-bfad966 elementor-widget elementor-widget-heading\" data-id=\"bfad966\" data-element_type=\"widget\" data-e-type=\"widget\" data-widget_type=\"heading.default\">\n\t\t\t\t\t<h3 class=\"elementor-heading-title elementor-size-default\">Flour Valve ha estado en el negocio por m\u00e1s de 30 a\u00f1os, brindando soluciones de ingenier\u00eda a una variedad de industrias.<\/h3>\t\t\t\t<\/div>\n\t\t\t\t<div class=\"elementor-element elementor-element-c7135e7 elementor-widget elementor-widget-text-editor\" data-id=\"c7135e7\" data-element_type=\"widget\" data-e-type=\"widget\" data-widget_type=\"text-editor.default\">\n\t\t\t\t\t\t\t\t\t<p>Las v\u00e1lvulas FLV VALVE son de dise\u00f1o italiano y la m\u00e1s alta calidad. Nuestras v\u00e1lvulas, dise\u00f1adas para servicio severo, se aplican a fluidos corrosivos, lodos erosivos, altas temperaturas, criog\u00e9nicos, subterr\u00e1neos y cualquier requisito especial de nuestros clientes.<\/p>\t\t\t\t\t\t\t\t<\/div>\n\t\t\t\t\t<\/div>\n\t\t\t\t<\/div>\n\t\t<div class=\"elementor-element elementor-element-dba4856 e-con-full e-flex wpr-particle-no wpr-jarallax-no wpr-parallax-no wpr-sticky-section-no wpr-equal-height-no e-con e-parent\" data-id=\"dba4856\" data-element_type=\"container\" data-e-type=\"container\">\n\t\t<div class=\"elementor-element elementor-element-0ae6dbd e-con-full e-flex wpr-particle-no wpr-jarallax-no wpr-parallax-no wpr-sticky-section-no wpr-equal-height-no e-con e-child\" data-id=\"0ae6dbd\" data-element_type=\"container\" data-e-type=\"container\">\n\t\t\t\t<div class=\"elementor-element elementor-element-c30f37b elementor-widget elementor-widget-image\" data-id=\"c30f37b\" data-element_type=\"widget\" data-e-type=\"widget\" data-widget_type=\"image.default\">\n\t\t\t\t\t\t\t\t\t\t\t\t\t\t\t<img decoding=\"async\" width=\"300\" height=\"91\" src=\"https:\/\/petrogassupply.com\/FLV\/wp-content\/uploads\/2025\/09\/flv_color-300x91.png\" class=\"attachment-medium size-medium wp-image-26\" alt=\"\" srcset=\"https:\/\/petrogassupply.com\/FLV\/wp-content\/uploads\/2025\/09\/flv_color-300x91.png 300w, https:\/\/petrogassupply.com\/FLV\/wp-content\/uploads\/2025\/09\/flv_color-1024x310.png 1024w, https:\/\/petrogassupply.com\/FLV\/wp-content\/uploads\/2025\/09\/flv_color-768x232.png 768w, https:\/\/petrogassupply.com\/FLV\/wp-content\/uploads\/2025\/09\/flv_color-1536x464.png 1536w, https:\/\/petrogassupply.com\/FLV\/wp-content\/uploads\/2025\/09\/flv_color-2048x619.png 2048w\" sizes=\"(max-width: 300px) 100vw, 300px\" \/>\t\t\t\t\t\t\t\t\t\t\t\t\t\t\t<\/div>\n\t\t\t\t<\/div>\n\t\t<div class=\"elementor-element elementor-element-09ae1fb e-con-full e-flex wpr-particle-no wpr-jarallax-no wpr-parallax-no wpr-sticky-section-no wpr-equal-height-no e-con e-child\" data-id=\"09ae1fb\" data-element_type=\"container\" data-e-type=\"container\">\n\t\t\t\t<div class=\"elementor-element elementor-element-f6d1909 elementor-widget elementor-widget-video\" data-id=\"f6d1909\" data-element_type=\"widget\" data-e-type=\"widget\" data-settings=\"{&quot;video_type&quot;:&quot;hosted&quot;,&quot;controls&quot;:&quot;yes&quot;}\" data-widget_type=\"video.default\">\n\t\t\t\t\t\t\t<div class=\"e-hosted-video elementor-wrapper elementor-open-inline\">\n\t\t\t\t\t<video class=\"elementor-video\" src=\"https:\/\/petrogassupply.com\/FLV\/wp-content\/uploads\/2025\/09\/WhatsApp-Video-2025-09-05-at-7.42.27-PM.mp4\" controls=\"\" preload=\"metadata\" controlsList=\"nodownload\"><\/video>\n\t\t\t\t<\/div>\n\t\t\t\t\t\t<\/div>\n\t\t\t\t<\/div>\n\t\t\t\t<\/div>\n\t\t<div class=\"elementor-element elementor-element-4bbba08 e-flex e-con-boxed wpr-particle-no wpr-jarallax-no wpr-parallax-no wpr-sticky-section-no wpr-equal-height-no e-con e-parent\" data-id=\"4bbba08\" data-element_type=\"container\" data-e-type=\"container\" data-settings=\"{&quot;background_background&quot;:&quot;classic&quot;}\">\n\t\t\t\t\t<div class=\"e-con-inner\">\n\t\t\t\t<div class=\"elementor-element elementor-element-1fa8ff1 elementor-widget elementor-widget-heading\" data-id=\"1fa8ff1\" data-element_type=\"widget\" data-e-type=\"widget\" data-widget_type=\"heading.default\">\n\t\t\t\t\t<h2 class=\"elementor-heading-title elementor-size-default\">Cat\u00e1logo de Productos y Servicios<\/h2>\t\t\t\t<\/div>\n\t\t\t\t<div class=\"elementor-element elementor-element-47da00d elementor-widget elementor-widget-shortcode\" data-id=\"47da00d\" data-element_type=\"widget\" data-e-type=\"widget\" data-widget_type=\"shortcode.default\">\n\t\t\t\t\t\t\t<div class=\"elementor-shortcode\"><div class=\"_df_book df-lite\" id=\"df_102\"  _slug=\"2025_flv_\" data-title=\"2025_flv_\" wpoptions=\"true\" thumb=\"https:\/\/petrogassupply.com\/FLV\/wp-content\/uploads\/2025\/09\/00-scaled.jpg\" thumbtype=\"\" ><\/div><script class=\"df-shortcode-script\" nowprocket type=\"application\/javascript\">window.option_df_102 = {\"outline\":[],\"backgroundColor\":\"#001C3D\",\"viewerType\":\"flipbook\",\"autoEnableOutline\":\"false\",\"autoEnableThumbnail\":\"false\",\"overwritePDFOutline\":\"false\",\"direction\":\"1\",\"pageSize\":\"0\",\"source\":\"https:\\\/\\\/petrogassupply.com\\\/FLV\\\/wp-content\\\/uploads\\\/2025\\\/09\\\/2025_FLV_.pdf\",\"wpOptions\":\"true\"}; if(window.DFLIP && window.DFLIP.parseBooks){window.DFLIP.parseBooks();}<\/script><\/div>\n\t\t\t\t\t\t<\/div>\n\t\t\t\t\t<\/div>\n\t\t\t\t<\/div>\n\t\t<div class=\"elementor-element elementor-element-39d1351 e-flex e-con-boxed wpr-particle-no wpr-jarallax-no wpr-parallax-no wpr-sticky-section-no wpr-equal-height-no e-con e-parent\" data-id=\"39d1351\" data-element_type=\"container\" data-e-type=\"container\">\n\t\t\t\t\t<div class=\"e-con-inner\">\n\t\t<div class=\"elementor-element elementor-element-ff1382f e-con-full e-flex wpr-particle-no wpr-jarallax-no wpr-parallax-no wpr-sticky-section-no wpr-equal-height-no e-con e-child\" data-id=\"ff1382f\" data-element_type=\"container\" data-e-type=\"container\">\n\t\t\t\t<div class=\"elementor-element elementor-element-b449403 elementor-widget elementor-widget-image\" data-id=\"b449403\" data-element_type=\"widget\" data-e-type=\"widget\" data-widget_type=\"image.default\">\n\t\t\t\t\t\t\t\t\t\t\t\t\t\t\t<img decoding=\"async\" width=\"300\" height=\"91\" src=\"https:\/\/petrogassupply.com\/FLV\/wp-content\/uploads\/2025\/09\/flv_color-300x91.png\" class=\"attachment-medium size-medium wp-image-26\" alt=\"\" srcset=\"https:\/\/petrogassupply.com\/FLV\/wp-content\/uploads\/2025\/09\/flv_color-300x91.png 300w, https:\/\/petrogassupply.com\/FLV\/wp-content\/uploads\/2025\/09\/flv_color-1024x310.png 1024w, https:\/\/petrogassupply.com\/FLV\/wp-content\/uploads\/2025\/09\/flv_color-768x232.png 768w, https:\/\/petrogassupply.com\/FLV\/wp-content\/uploads\/2025\/09\/flv_color-1536x464.png 1536w, https:\/\/petrogassupply.com\/FLV\/wp-content\/uploads\/2025\/09\/flv_color-2048x619.png 2048w\" sizes=\"(max-width: 300px) 100vw, 300px\" \/>\t\t\t\t\t\t\t\t\t\t\t\t\t\t\t<\/div>\n\t\t\t\t<\/div>\n\t\t<div class=\"elementor-element elementor-element-01deaac e-con-full e-flex wpr-particle-no wpr-jarallax-no wpr-parallax-no wpr-sticky-section-no wpr-equal-height-no e-con e-child\" data-id=\"01deaac\" data-element_type=\"container\" data-e-type=\"container\">\n\t\t\t\t<div class=\"elementor-element elementor-element-8b104cf elementor-widget elementor-widget-heading\" data-id=\"8b104cf\" data-element_type=\"widget\" data-e-type=\"widget\" data-widget_type=\"heading.default\">\n\t\t\t\t\t<h2 class=\"elementor-heading-title elementor-size-default\">Contacto<\/h2>\t\t\t\t<\/div>\n\t\t\t\t<div class=\"elementor-element elementor-element-806f5f0 eael-fluentform-form-button-custom elementor-widget elementor-widget-eael-fluentform\" data-id=\"806f5f0\" data-element_type=\"widget\" data-e-type=\"widget\" data-widget_type=\"eael-fluentform.default\">\n\t\t\t\t\t        <div class=\"eael-contact-form eael-fluent-form-wrapper clearfix eael-contact-form-align-default\">\n\n            \n            <div class='fluentform ff-default fluentform_wrapper_1 ffs_default_wrap'><form data-form_id=\"1\" id=\"fluentform_1\" class=\"frm-fluent-form fluent_form_1 ff-el-form-top ff_form_instance_1_1 ff-form-loading ff_has_v3_recptcha ffs_default\" data-form_instance=\"ff_form_instance_1_1\" method=\"POST\" data-recptcha_key=\"6Ld6DcUrAAAAAGOorLkDAJo6bPzw7Z8r628RMhrh\" ><fieldset  style=\"border: none!important;margin: 0!important;padding: 0!important;background-color: transparent!important;box-shadow: none!important;outline: none!important; min-inline-size: 100%;\">\n                    <legend class=\"ff_screen_reader_title\" style=\"display: block; margin: 0!important;padding: 0!important;height: 0!important;text-indent: -999999px;width: 0!important;overflow:hidden;\">Contact Form Demo<\/legend><input type='hidden' name='__fluent_form_embded_post_id' value='29' \/><input type=\"hidden\" id=\"_fluentform_1_fluentformnonce\" name=\"_fluentform_1_fluentformnonce\" value=\"cddd6af6ac\" \/><input type=\"hidden\" name=\"_wp_http_referer\" value=\"\/FLV\/wp-json\/wp\/v2\/pages\/29\" \/><div data-type=\"name-element\" data-name=\"names\" class=\" ff-field_container ff-name-field-wrapper\" ><div class='ff-t-container'><div class='ff-t-cell '><div class='ff-el-group'><div class=\"ff-el-input--label asterisk-right\"><label for='ff_1_names_first_name_' id='label_ff_1_names_first_name_' >Nombre<\/label><\/div><div class='ff-el-input--content'><input type=\"text\" name=\"names[first_name]\" id=\"ff_1_names_first_name_\" class=\"ff-el-form-control\" placeholder=\"First Name\" aria-invalid=\"false\" aria-required=false><\/div><\/div><\/div><div class='ff-t-cell '><div class='ff-el-group'><div class=\"ff-el-input--label asterisk-right\"><label for='ff_1_names_last_name_' id='label_ff_1_names_last_name_' >Apellidos<\/label><\/div><div class='ff-el-input--content'><input type=\"text\" name=\"names[last_name]\" id=\"ff_1_names_last_name_\" class=\"ff-el-form-control\" placeholder=\"Last Name\" aria-invalid=\"false\" aria-required=false><\/div><\/div><\/div><\/div><\/div><div class='ff-el-group'><div class=\"ff-el-input--label ff-el-is-required asterisk-right\"><label for='ff_1_email' id='label_ff_1_email' aria-label=\"Correo Electr\u00f3nico\">Correo Electr\u00f3nico<\/label><\/div><div class='ff-el-input--content'><input type=\"email\" name=\"email\" id=\"ff_1_email\" class=\"ff-el-form-control\" placeholder=\"Email Address\" data-name=\"email\"  aria-invalid=\"false\" aria-required=true><\/div><\/div><div class='ff-el-group'><div class=\"ff-el-input--label asterisk-right\"><label for='ff_1_subject' id='label_ff_1_subject' aria-label=\"Asunto\">Asunto<\/label><\/div><div class='ff-el-input--content'><input type=\"text\" name=\"subject\" class=\"ff-el-form-control\" placeholder=\"Subject\" data-name=\"subject\" id=\"ff_1_subject\"  aria-invalid=\"false\" aria-required=false><\/div><\/div><div class='ff-el-group'><div class=\"ff-el-input--label ff-el-is-required asterisk-right\"><label for='ff_1_message' id='label_ff_1_message' aria-label=\"Mensaje\">Mensaje<\/label><\/div><div class='ff-el-input--content'><textarea aria-required=\"true\" aria-labelledby=\"label_ff_1_message\" name=\"message\" id=\"ff_1_message\" class=\"ff-el-form-control\" placeholder=\"Your Message\" rows=\"4\" cols=\"2\" data-name=\"message\" ><\/textarea><\/div><\/div><div class='ff-el-group ff-text-left ff_submit_btn_wrapper'><button type=\"submit\" class=\"ff-btn ff-btn-submit ff-btn-md ff_btn_style\"  aria-label=\"Enviar\">Enviar<\/button><\/div><\/fieldset><\/form><div id='fluentform_1_errors' class='ff-errors-in-stack ff_form_instance_1_1 ff-form-loading_errors ff_form_instance_1_1_errors'><\/div><\/div>            <script type=\"text\/javascript\">\n                window.fluent_form_ff_form_instance_1_1 = {\"id\":\"1\",\"ajaxUrl\":\"https:\\\/\\\/petrogassupply.com\\\/FLV\\\/wp-admin\\\/admin-ajax.php\",\"settings\":{\"layout\":{\"labelPlacement\":\"top\",\"helpMessagePlacement\":\"with_label\",\"errorMessagePlacement\":\"inline\",\"cssClassName\":\"\",\"asteriskPlacement\":\"asterisk-right\"},\"restrictions\":{\"denyEmptySubmission\":{\"enabled\":false}}},\"form_instance\":\"ff_form_instance_1_1\",\"form_id_selector\":\"fluentform_1\",\"rules\":{\"names[first_name]\":{\"required\":{\"value\":false,\"message\":\"This field is required\",\"global\":false,\"global_message\":\"Este campo es obligatorio\"}},\"names[middle_name]\":{\"required\":{\"value\":false,\"message\":\"This field is required\",\"global\":false,\"global_message\":\"Este campo es obligatorio\"}},\"names[last_name]\":{\"required\":{\"value\":false,\"message\":\"This field is required\",\"global\":false,\"global_message\":\"Este campo es obligatorio\"}},\"email\":{\"required\":{\"value\":true,\"message\":\"This field is required\",\"global\":false,\"global_message\":\"Este campo es obligatorio\"},\"email\":{\"value\":true,\"message\":\"This field must contain a valid email\",\"global\":false,\"global_message\":\"Este campo debe contener un correo electr\\u00f3nico v\\u00e1lido\"}},\"subject\":{\"required\":{\"value\":false,\"message\":\"This field is required\",\"global\":false,\"global_message\":\"Este campo es obligatorio\"}},\"message\":{\"required\":{\"value\":true,\"message\":\"This field is required\",\"global\":false,\"global_message\":\"Este campo es obligatorio\"}},\"g-recaptcha-response\":[]},\"debounce_time\":300};\n                            <\/script>\n                    <\/div>\n\n        \t\t\t\t<\/div>\n\t\t\t\t<\/div>\n\t\t\t\t\t<\/div>\n\t\t\t\t<\/div>\n\t\t<div class=\"elementor-element elementor-element-d69b887 e-flex e-con-boxed wpr-particle-no wpr-jarallax-no wpr-parallax-no wpr-sticky-section-no wpr-equal-height-no e-con e-parent\" data-id=\"d69b887\" data-element_type=\"container\" data-e-type=\"container\" data-settings=\"{&quot;background_background&quot;:&quot;classic&quot;}\">\n\t\t\t\t\t<div class=\"e-con-inner\">\n\t\t<div class=\"elementor-element elementor-element-bf8ac1c e-con-full e-flex wpr-particle-no wpr-jarallax-no wpr-parallax-no wpr-sticky-section-no wpr-equal-height-no e-con e-child\" data-id=\"bf8ac1c\" data-element_type=\"container\" data-e-type=\"container\">\n\t\t\t\t<div class=\"elementor-element elementor-element-3d449f6 elementor-widget elementor-widget-heading\" data-id=\"3d449f6\" data-element_type=\"widget\" data-e-type=\"widget\" data-widget_type=\"heading.default\">\n\t\t\t\t\t<h4 class=\"elementor-heading-title elementor-size-default\">Impulsado por:<\/h4>\t\t\t\t<\/div>\n\t\t\t\t<\/div>\n\t\t<div class=\"elementor-element elementor-element-b5a99cf e-con-full e-flex wpr-particle-no wpr-jarallax-no wpr-parallax-no wpr-sticky-section-no wpr-equal-height-no e-con e-child\" data-id=\"b5a99cf\" data-element_type=\"container\" data-e-type=\"container\">\n\t\t\t\t<div class=\"elementor-element elementor-element-d5c7c44 elementor-widget elementor-widget-image\" data-id=\"d5c7c44\" data-element_type=\"widget\" data-e-type=\"widget\" data-widget_type=\"image.default\">\n\t\t\t\t\t\t\t\t\t\t\t\t\t\t\t\t<a href=\"https:\/\/petrogassupply.com\/\">\n\t\t\t\t\t\t\t<img decoding=\"async\" width=\"800\" height=\"200\" src=\"https:\/\/petrogassupply.com\/FLV\/wp-content\/uploads\/2025\/09\/petrogas_logo_2k_blanco-1024x256.png\" class=\"attachment-large size-large wp-image-89\" alt=\"\" srcset=\"https:\/\/petrogassupply.com\/FLV\/wp-content\/uploads\/2025\/09\/petrogas_logo_2k_blanco-1024x256.png 1024w, https:\/\/petrogassupply.com\/FLV\/wp-content\/uploads\/2025\/09\/petrogas_logo_2k_blanco-300x75.png 300w, https:\/\/petrogassupply.com\/FLV\/wp-content\/uploads\/2025\/09\/petrogas_logo_2k_blanco-768x192.png 768w, https:\/\/petrogassupply.com\/FLV\/wp-content\/uploads\/2025\/09\/petrogas_logo_2k_blanco-1536x384.png 1536w, https:\/\/petrogassupply.com\/FLV\/wp-content\/uploads\/2025\/09\/petrogas_logo_2k_blanco-2048x512.png 2048w\" sizes=\"(max-width: 800px) 100vw, 800px\" \/>\t\t\t\t\t\t\t\t<\/a>\n\t\t\t\t\t\t\t\t\t\t\t\t\t\t\t<\/div>\n\t\t\t\t<\/div>\n\t\t<div class=\"elementor-element elementor-element-ce1a6a2 e-con-full e-flex wpr-particle-no wpr-jarallax-no wpr-parallax-no wpr-sticky-section-no wpr-equal-height-no e-con e-child\" data-id=\"ce1a6a2\" data-element_type=\"container\" data-e-type=\"container\">\n\t\t\t\t<div class=\"elementor-element elementor-element-6a6d308 elementor-widget elementor-widget-image\" data-id=\"6a6d308\" data-element_type=\"widget\" data-e-type=\"widget\" data-widget_type=\"image.default\">\n\t\t\t\t\t\t\t\t\t\t\t\t\t\t\t<img loading=\"lazy\" decoding=\"async\" width=\"600\" height=\"168\" src=\"https:\/\/petrogassupply.com\/FLV\/wp-content\/uploads\/2025\/09\/07.png\" class=\"attachment-large size-large wp-image-68\" alt=\"\" srcset=\"https:\/\/petrogassupply.com\/FLV\/wp-content\/uploads\/2025\/09\/07.png 600w, https:\/\/petrogassupply.com\/FLV\/wp-content\/uploads\/2025\/09\/07-300x84.png 300w\" sizes=\"(max-width: 600px) 100vw, 600px\" \/>\t\t\t\t\t\t\t\t\t\t\t\t\t\t\t<\/div>\n\t\t\t\t<\/div>\n\t\t\t\t\t<\/div>\n\t\t\t\t<\/div>\n\t\t\t\t<\/div>\n\t\t","protected":false},"excerpt":{"rendered":"<p>FLOUR VALVE Flour Valve ha estado en el negocio por m\u00e1s de 30 a\u00f1os, brindando soluciones de ingenier\u00eda a una variedad de industrias. Las v\u00e1lvulas FLV VALVE son de dise\u00f1o italiano y la m\u00e1s alta calidad. Nuestras v\u00e1lvulas, dise\u00f1adas para servicio severo, se aplican a fluidos corrosivos, lodos erosivos, altas temperaturas, criog\u00e9nicos, subterr\u00e1neos y cualquier requisito especial de nuestros clientes. https:\/\/petrogassupply.com\/FLV\/wp-content\/uploads\/2025\/09\/WhatsApp-Video-2025-09-05-at-7.42.27-PM.mp4 Cat\u00e1logo de Productos y Servicios Contacto Contact Form Demo NombreApellidosCorreo Electr\u00f3nicoAsuntoMensajeEnviar Impulsado por:<\/p>\n","protected":false},"author":1,"featured_media":0,"parent":0,"menu_order":0,"comment_status":"closed","ping_status":"closed","template":"elementor_canvas","meta":{"footnotes":""},"class_list":["post-29","page","type-page","status-publish","hentry"],"aioseo_notices":[],"_links":{"self":[{"href":"https:\/\/petrogassupply.com\/FLV\/wp-json\/wp\/v2\/pages\/29","targetHints":{"allow":["GET"]}}],"collection":[{"href":"https:\/\/petrogassupply.com\/FLV\/wp-json\/wp\/v2\/pages"}],"about":[{"href":"https:\/\/petrogassupply.com\/FLV\/wp-json\/wp\/v2\/types\/page"}],"author":[{"embeddable":true,"href":"https:\/\/petrogassupply.com\/FLV\/wp-json\/wp\/v2\/users\/1"}],"replies":[{"embeddable":true,"href":"https:\/\/petrogassupply.com\/FLV\/wp-json\/wp\/v2\/comments?post=29"}],"version-history":[{"count":52,"href":"https:\/\/petrogassupply.com\/FLV\/wp-json\/wp\/v2\/pages\/29\/revisions"}],"predecessor-version":[{"id":108,"href":"https:\/\/petrogassupply.com\/FLV\/wp-json\/wp\/v2\/pages\/29\/revisions\/108"}],"wp:attachment":[{"href":"https:\/\/petrogassupply.com\/FLV\/wp-json\/wp\/v2\/media?parent=29"}],"curies":[{"name":"wp","href":"https:\/\/api.w.org\/{rel}","templated":true}]}}